{"id":4714,"date":"2023-01-27T13:38:32","date_gmt":"2023-01-27T13:38:32","guid":{"rendered":"https:\/\/yourmeds.net\/?page_id=4714"},"modified":"2023-01-30T13:28:22","modified_gmt":"2023-01-30T13:28:22","slug":"vat-exemption","status":"publish","type":"page","link":"https:\/\/yourmeds.net\/de\/mwst-befreiung\/","title":{"rendered":"Mehrwertsteuerbefreiung"},"content":{"rendered":"<div data-elementor-type=\"wp-page\" data-elementor-id=\"4714\" class=\"elementor elementor-4714\" data-elementor-post-type=\"page\">\n\t\t\t\t\t\t<section class=\"elementor-section elementor-top-section elementor-element elementor-element-6096230 elementor-section-boxed elementor-section-height-default elementor-section-height-default\" data-id=\"6096230\" data-element_type=\"section\" data-e-type=\"section\">\n\t\t\t\t\t\t<div class=\"elementor-container elementor-column-gap-default\">\n\t\t\t\t\t<div class=\"elementor-column elementor-col-100 elementor-top-column elementor-element elementor-element-b7488ec\" data-id=\"b7488ec\" data-element_type=\"column\" data-e-type=\"column\">\n\t\t\t<div class=\"elementor-widget-wrap elementor-element-populated\">\n\t\t\t\t\t\t<div class=\"elementor-element elementor-element-6d1de21 elementor-widget elementor-widget-heading\" data-id=\"6d1de21\" data-element_type=\"widget\" data-e-type=\"widget\" data-widget_type=\"heading.default\">\n\t\t\t\t<div class=\"elementor-widget-container\">\n\t\t\t\t\t<h1 class=\"elementor-heading-title elementor-size-default\">Sind Sie von der Mehrwertsteuer befreit?<\/h1>\t\t\t\t<\/div>\n\t\t\t\t<\/div>\n\t\t\t\t\t<\/div>\n\t\t<\/div>\n\t\t\t\t\t<\/div>\n\t\t<\/section>\n\t\t\t\t<section class=\"elementor-section elementor-top-section elementor-element elementor-element-53d77dd elementor-section-boxed elementor-section-height-default elementor-section-height-default\" data-id=\"53d77dd\" data-element_type=\"section\" data-e-type=\"section\">\n\t\t\t\t\t\t<div class=\"elementor-container elementor-column-gap-default\">\n\t\t\t\t\t<div class=\"elementor-column elementor-col-100 elementor-top-column elementor-element elementor-element-a7609f3\" data-id=\"a7609f3\" data-element_type=\"column\" data-e-type=\"column\">\n\t\t\t<div class=\"elementor-widget-wrap elementor-element-populated\">\n\t\t\t\t\t\t<div class=\"elementor-element elementor-element-a0798b1 elementor-widget elementor-widget-text-editor\" data-id=\"a0798b1\" data-element_type=\"widget\" data-e-type=\"widget\" data-widget_type=\"text-editor.default\">\n\t\t\t\t<div class=\"elementor-widget-container\">\n\t\t\t\t\t\t\t\t\t<p><strong>YOURmeds Switch ist umsatzsteuerlich beg\u00fcnstigt.<\/strong><\/p><p>Der Switch ist nur dann zum Nulltarif erh\u00e4ltlich, wenn er direkt von einer Privatperson f\u00fcr den \"h\u00e4uslichen oder pers\u00f6nlichen Gebrauch\" erworben wird. Damit wir unseren Verpflichtungen gegen\u00fcber der Zollbeh\u00f6rde nachkommen k\u00f6nnen und um die Zahlung der Mehrwertsteuer auf bestimmte Artikel zu vermeiden, werden Sie gebeten, auf dem Formular vor der Kasse einfach das K\u00e4stchen anzukreuzen, das best\u00e4tigt, dass Sie berechtigt sind, Waren zum Nulltarif zu erhalten.<\/p>\t\t\t\t\t\t\t\t<\/div>\n\t\t\t\t<\/div>\n\t\t\t\t\t<\/div>\n\t\t<\/div>\n\t\t\t\t\t<\/div>\n\t\t<\/section>\n\t\t\t\t<section class=\"elementor-section elementor-top-section elementor-element elementor-element-1134d70 elementor-section-boxed elementor-section-height-default elementor-section-height-default\" data-id=\"1134d70\" data-element_type=\"section\" data-e-type=\"section\">\n\t\t\t\t\t\t<div class=\"elementor-container elementor-column-gap-default\">\n\t\t\t\t\t<div class=\"elementor-column elementor-col-100 elementor-top-column elementor-element elementor-element-23580d4\" data-id=\"23580d4\" data-element_type=\"column\" data-e-type=\"column\">\n\t\t\t<div class=\"elementor-widget-wrap elementor-element-populated\">\n\t\t\t\t\t\t<div class=\"elementor-element elementor-element-82a3fdf elementor-widget elementor-widget-heading\" data-id=\"82a3fdf\" data-element_type=\"widget\" data-e-type=\"widget\" data-widget_type=\"heading.default\">\n\t\t\t\t<div class=\"elementor-widget-container\">\n\t\t\t\t\t<h2 class=\"elementor-heading-title elementor-size-default\">Wer ist f\u00f6rderf\u00e4hig?<\/h2>\t\t\t\t<\/div>\n\t\t\t\t<\/div>\n\t\t\t\t\t<\/div>\n\t\t<\/div>\n\t\t\t\t\t<\/div>\n\t\t<\/section>\n\t\t\t\t<section class=\"elementor-section elementor-top-section elementor-element elementor-element-1c22422 elementor-section-boxed elementor-section-height-default elementor-section-height-default\" data-id=\"1c22422\" data-element_type=\"section\" data-e-type=\"section\">\n\t\t\t\t\t\t<div class=\"elementor-container elementor-column-gap-default\">\n\t\t\t\t\t<div class=\"elementor-column elementor-col-100 elementor-top-column elementor-element elementor-element-7b3ccbc\" data-id=\"7b3ccbc\" data-element_type=\"column\" data-e-type=\"column\">\n\t\t\t<div class=\"elementor-widget-wrap elementor-element-populated\">\n\t\t\t\t\t\t<div class=\"elementor-element elementor-element-3d67938 elementor-widget elementor-widget-text-editor\" data-id=\"3d67938\" data-element_type=\"widget\" data-e-type=\"widget\" data-widget_type=\"text-editor.default\">\n\t\t\t\t<div class=\"elementor-widget-container\">\n\t\t\t\t\t\t\t\t\t<p>Der Nullsatz f\u00fcr Waren und Dienstleistungen f\u00fcr chronisch kranke oder behinderte Personen h\u00e4ngt zum Teil vom Status des Empf\u00e4ngers ab.<\/p><p>Was bedeutet \"chronisch krank oder behindert\"?<\/p><p>Eine Person ist chronisch krank oder behindert, wenn sie eine Person mit einem:<\/p><ul><li>eine k\u00f6rperliche oder geistige Beeintr\u00e4chtigung, die sich langfristig und in erheblichem Ma\u00dfe negativ auf die F\u00e4higkeit auswirkt, allt\u00e4gliche Aktivit\u00e4ten auszuf\u00fchren<\/li><li>ein Leiden, das von der \u00c4rzteschaft als chronische Krankheit behandelt wird, wie Diabetes, Parkinson, Demenz oder eine chronische Krankheit, die ein kompliziertes Medikamentenregime erfordert.<\/li><\/ul><p>Nicht dazu geh\u00f6ren \u00e4ltere Menschen, die nicht behindert oder chronisch krank sind, oder Personen, die nur vor\u00fcbergehend behindert oder arbeitsunf\u00e4hig sind, z. B. mit einem gebrochenen Glied.<\/p><p>Handelt ein Elternteil, Ehegatte oder Vormund im Namen einer \"chronisch kranken oder behinderten\" Person, wird Ihre Lieferung so behandelt, als sei sie f\u00fcr diese \"chronisch kranke oder behinderte\" Person bestimmt.<\/p><p>Sie\u00a0<strong><u>nicht<\/u>\u00a0behindert registriert werden m\u00fcssen<\/strong>\u00a0um die Mehrwertsteuerbefreiung zu beantragen, aber die Art Ihrer Krankheit oder Behinderung muss in Ihrer Erkl\u00e4rung angegeben werden.<\/p><p><strong>Eine gebrechliche \u00e4ltere Person, die ansonsten arbeitsf\u00e4hig ist, oder eine Person, die nur vor\u00fcbergehend behindert oder arbeitsunf\u00e4hig ist, z. B. mit einem gebrochenen Glied, kommt nicht f\u00fcr eine Mehrwertsteuerbefreiung in Betracht.<\/strong><\/p><p>Im Zweifelsfall sollten Sie sich an Ihr \u00f6rtliches Zollamt wenden oder den National Advice Service unter 0845 302 02 03 anrufen.<\/p>\t\t\t\t\t\t\t\t<\/div>\n\t\t\t\t<\/div>\n\t\t\t\t\t<\/div>\n\t\t<\/div>\n\t\t\t\t\t<\/div>\n\t\t<\/section>\n\t\t\t\t<section class=\"elementor-section elementor-top-section elementor-element elementor-element-5364300 elementor-section-boxed elementor-section-height-default elementor-section-height-default\" data-id=\"5364300\" data-element_type=\"section\" data-e-type=\"section\">\n\t\t\t\t\t\t<div class=\"elementor-container elementor-column-gap-default\">\n\t\t\t\t\t<div class=\"elementor-column elementor-col-100 elementor-top-column elementor-element elementor-element-96bff8f\" data-id=\"96bff8f\" data-element_type=\"column\" data-e-type=\"column\">\n\t\t\t<div class=\"elementor-widget-wrap elementor-element-populated\">\n\t\t\t\t\t\t<div class=\"elementor-element elementor-element-c6daeb5 elementor-widget elementor-widget-heading\" data-id=\"c6daeb5\" data-element_type=\"widget\" data-e-type=\"widget\" data-widget_type=\"heading.default\">\n\t\t\t\t<div class=\"elementor-widget-container\">\n\t\t\t\t\t<h2 class=\"elementor-heading-title elementor-size-default\">Wie kann ich einen Antrag stellen?<\/h2>\t\t\t\t<\/div>\n\t\t\t\t<\/div>\n\t\t\t\t\t<\/div>\n\t\t<\/div>\n\t\t\t\t\t<\/div>\n\t\t<\/section>\n\t\t\t\t<section class=\"elementor-section elementor-top-section elementor-element elementor-element-27abd3e elementor-section-boxed elementor-section-height-default elementor-section-height-default\" data-id=\"27abd3e\" data-element_type=\"section\" data-e-type=\"section\">\n\t\t\t\t\t\t<div class=\"elementor-container elementor-column-gap-default\">\n\t\t\t\t\t<div class=\"elementor-column elementor-col-100 elementor-top-column elementor-element elementor-element-0bf725d\" data-id=\"0bf725d\" data-element_type=\"column\" data-e-type=\"column\">\n\t\t\t<div class=\"elementor-widget-wrap elementor-element-populated\">\n\t\t\t\t\t\t<div class=\"elementor-element elementor-element-4acd7f2 elementor-widget elementor-widget-text-editor\" data-id=\"4acd7f2\" data-element_type=\"widget\" data-e-type=\"widget\" data-widget_type=\"text-editor.default\">\n\t\t\t\t<div class=\"elementor-widget-container\">\n\t\t\t\t\t\t\t\t\t<p>Um die Mehrwertsteuerbefreiung zu beantragen, gehen Sie bitte wie folgt vor:<\/p><ol><li>\u00dcber das mehrwertsteuerbefreite Angebot auf der <a href=\"http:\/\/yourmeds.net\/de\/buynow\/\">www.yourmeds.net\/buynow<\/a>\u00a0Seite.<\/li><li>Dies ist der Preis ohne Mehrwertsteuer.<\/li><li>F\u00fcllen Sie das Formular vor dem Kauf aus und kreuzen Sie das K\u00e4stchen f\u00fcr die Mehrwertsteuerbefreiung an.<\/li><\/ol><p>Wir sind verpflichtet, eine Kopie Ihrer Erkl\u00e4rung aufzubewahren, die an die britische Zollbeh\u00f6rde HM Customs &amp; Excise als Nachweis f\u00fcr Ihre Berechtigung weitergeleitet werden kann. Wenn Sie Zweifel haben, ob Sie f\u00fcr die Mehrwertsteuerbefreiung in Frage kommen,\u00a0<a href=\"https:\/\/yourmeds.net\/de\/kontakt-uns\/\">hier klicken<\/a> Hier k\u00f6nnen Sie uns eine E-Mail schicken oder uns anrufen unter +44 2392 470001<\/p><p>Alternativ k\u00f6nnen Sie weitere Informationen auf der Website \"direct.gov.uk\" abrufen\u00a0<a href=\"https:\/\/www.gov.uk\/financial-help-disabled\/vat-relief\">Mehrwertsteuererleichterung f\u00fcr Produkte und Dienstleistungen f\u00fcr Menschen mit Behinderungen<\/a>\u00a0die weitere Informationen enth\u00e4lt.<\/p><p>Wenn Sie Ihre Bestellung telefonisch aufgeben m\u00f6chten und beabsichtigen, die Mehrwertsteuerbefreiung in Anspruch zu nehmen, k\u00f6nnen wir Ihre Bestellung erst dann versenden, wenn wir eine unterzeichnete Erkl\u00e4rung erhalten haben.<\/p><p>Wir bearbeiten Ihre Bestellung zu dem Preis des Produkts auf Ihrer Bestellung abz\u00fcglich der Mehrwertsteuer.<\/p>\t\t\t\t\t\t\t\t<\/div>\n\t\t\t\t<\/div>\n\t\t\t\t\t<\/div>\n\t\t<\/div>\n\t\t\t\t\t<\/div>\n\t\t<\/section>\n\t\t\t\t<section class=\"elementor-section elementor-top-section elementor-element elementor-element-dc2eef1 elementor-section-boxed elementor-section-height-default elementor-section-height-default\" data-id=\"dc2eef1\" data-element_type=\"section\" data-e-type=\"section\">\n\t\t\t\t\t\t<div class=\"elementor-container elementor-column-gap-default\">\n\t\t\t\t\t<div class=\"elementor-column elementor-col-100 elementor-top-column elementor-element elementor-element-d4dd428\" data-id=\"d4dd428\" data-element_type=\"column\" data-e-type=\"column\">\n\t\t\t<div class=\"elementor-widget-wrap elementor-element-populated\">\n\t\t\t\t\t\t<div class=\"elementor-element elementor-element-3ff5aca elementor-widget elementor-widget-heading\" data-id=\"3ff5aca\" data-element_type=\"widget\" data-e-type=\"widget\" data-widget_type=\"heading.default\">\n\t\t\t\t<div class=\"elementor-widget-container\">\n\t\t\t\t\t<h2 class=\"elementor-heading-title elementor-size-default\">Wichtige Informationen<\/h2>\t\t\t\t<\/div>\n\t\t\t\t<\/div>\n\t\t\t\t\t<\/div>\n\t\t<\/div>\n\t\t\t\t\t<\/div>\n\t\t<\/section>\n\t\t\t\t<section class=\"elementor-section elementor-top-section elementor-element elementor-element-e6f1882 elementor-section-boxed elementor-section-height-default elementor-section-height-default\" data-id=\"e6f1882\" data-element_type=\"section\" data-e-type=\"section\">\n\t\t\t\t\t\t<div class=\"elementor-container elementor-column-gap-default\">\n\t\t\t\t\t<div class=\"elementor-column elementor-col-100 elementor-top-column elementor-element elementor-element-e537007\" data-id=\"e537007\" data-element_type=\"column\" data-e-type=\"column\">\n\t\t\t<div class=\"elementor-widget-wrap elementor-element-populated\">\n\t\t\t\t\t\t<div class=\"elementor-element elementor-element-0d25fed elementor-widget elementor-widget-text-editor\" data-id=\"0d25fed\" data-element_type=\"widget\" data-e-type=\"widget\" data-widget_type=\"text-editor.default\">\n\t\t\t\t<div class=\"elementor-widget-container\">\n\t\t\t\t\t\t\t\t\t<ul><li>Die bestellten Waren d\u00fcrfen nur f\u00fcr den pers\u00f6nlichen oder h\u00e4uslichen Gebrauch bestimmt sein.<\/li><li>Wir bewahren das ausgef\u00fcllte Formular zur Vorlage bei der Mehrwertsteuerbeh\u00f6rde auf. Es wird nicht f\u00fcr andere Zwecke verwendet.<\/li><\/ul>\t\t\t\t\t\t\t\t<\/div>\n\t\t\t\t<\/div>\n\t\t\t\t\t<\/div>\n\t\t<\/div>\n\t\t\t\t\t<\/div>\n\t\t<\/section>\n\t\t\t\t<\/div>","protected":false},"excerpt":{"rendered":"<p>Are you VAT exempt? YOURmeds Switch is eligible for VAT relief. The Switch is only available at zero-rate VAT when [&hellip;]<\/p>\n","protected":false},"author":40,"featured_media":0,"parent":0,"menu_order":0,"comment_status":"closed","ping_status":"closed","template":"","meta":{"content-type":"","site-sidebar-layout":"no-sidebar","site-content-layout":"page-builder","ast-site-content-layout":"default","site-content-style":"default","site-sidebar-style":"default","ast-global-header-display":"","ast-banner-title-visibility":"","ast-main-header-display":"","ast-hfb-above-header-display":"","ast-hfb-below-header-display":"","ast-hfb-mobile-header-display":"","site-post-title":"disabled","ast-breadcrumbs-content":"","ast-featured-img":"disabled","footer-sml-layout":"","ast-disable-related-posts":"","theme-transparent-header-meta":"default","adv-header-id-meta":"","stick-header-meta":"default","header-above-stick-meta":"","header-main-stick-meta":"","header-below-stick-meta":"","astra-migrate-meta-layouts":"default","ast-page-background-enabled":"default","ast-page-background-meta":{"desktop":{"background-color":"","background-image":"","background-repeat":"repeat","background-position":"center center","background-size":"auto","background-attachment":"scroll","background-type":"","background-media":"","overlay-type":"","overlay-color":"","overlay-opacity":"","overlay-gradient":""},"tablet":{"background-color":"","background-image":"","background-repeat":"repeat","background-position":"center center","background-size":"auto","background-attachment":"scroll","background-type":"","background-media":"","overlay-type":"","overlay-color":"","overlay-opacity":"","overlay-gradient":""},"mobile":{"background-color":"","background-image":"","background-repeat":"repeat","background-position":"center center","background-size":"auto","background-attachment":"scroll","background-type":"","background-media":"","overlay-type":"","overlay-color":"","overlay-opacity":"","overlay-gradient":""}},"ast-content-background-meta":{"desktop":{"background-color":"var(--ast-global-color-5)","background-image":"","background-repeat":"repeat","background-position":"center center","background-size":"auto","background-attachment":"scroll","background-type":"","background-media":"","overlay-type":"","overlay-color":"","overlay-opacity":"","overlay-gradient":""},"tablet":{"background-color":"var(--ast-global-color-5)","background-image":"","background-repeat":"repeat","background-position":"center center","background-size":"auto","background-attachment":"scroll","background-type":"","background-media":"","overlay-type":"","overlay-color":"","overlay-opacity":"","overlay-gradient":""},"mobile":{"background-color":"var(--ast-global-color-5)","background-image":"","background-repeat":"repeat","background-position":"center center","background-size":"auto","background-attachment":"scroll","background-type":"","background-media":"","overlay-type":"","overlay-color":"","overlay-opacity":"","overlay-gradient":""}},"two_page_speed":[],"footnotes":""},"class_list":["post-4714","page","type-page","status-publish","hentry"],"_links":{"self":[{"href":"https:\/\/yourmeds.net\/de\/wp-json\/wp\/v2\/pages\/4714","targetHints":{"allow":["GET"]}}],"collection":[{"href":"https:\/\/yourmeds.net\/de\/wp-json\/wp\/v2\/pages"}],"about":[{"href":"https:\/\/yourmeds.net\/de\/wp-json\/wp\/v2\/types\/page"}],"author":[{"embeddable":true,"href":"https:\/\/yourmeds.net\/de\/wp-json\/wp\/v2\/users\/40"}],"replies":[{"embeddable":true,"href":"https:\/\/yourmeds.net\/de\/wp-json\/wp\/v2\/comments?post=4714"}],"version-history":[{"count":14,"href":"https:\/\/yourmeds.net\/de\/wp-json\/wp\/v2\/pages\/4714\/revisions"}],"predecessor-version":[{"id":4865,"href":"https:\/\/yourmeds.net\/de\/wp-json\/wp\/v2\/pages\/4714\/revisions\/4865"}],"wp:attachment":[{"href":"https:\/\/yourmeds.net\/de\/wp-json\/wp\/v2\/media?parent=4714"}],"curies":[{"name":"wp","href":"https:\/\/api.w.org\/{rel}","templated":true}]}}