{"id":4714,"date":"2023-01-27T13:38:32","date_gmt":"2023-01-27T13:38:32","guid":{"rendered":"https:\/\/yourmeds.net\/?page_id=4714"},"modified":"2023-01-30T13:28:22","modified_gmt":"2023-01-30T13:28:22","slug":"vat-exemption","status":"publish","type":"page","link":"https:\/\/yourmeds.net\/es\/exencion-del-iva\/","title":{"rendered":"Exenci\u00f3n del IVA"},"content":{"rendered":"<div data-elementor-type=\"wp-page\" data-elementor-id=\"4714\" class=\"elementor elementor-4714\" data-elementor-post-type=\"page\">\n\t\t\t\t\t\t<section class=\"elementor-section elementor-top-section elementor-element elementor-element-6096230 elementor-section-boxed elementor-section-height-default elementor-section-height-default\" data-id=\"6096230\" data-element_type=\"section\" data-e-type=\"section\">\n\t\t\t\t\t\t<div class=\"elementor-container elementor-column-gap-default\">\n\t\t\t\t\t<div class=\"elementor-column elementor-col-100 elementor-top-column elementor-element elementor-element-b7488ec\" data-id=\"b7488ec\" data-element_type=\"column\" data-e-type=\"column\">\n\t\t\t<div class=\"elementor-widget-wrap elementor-element-populated\">\n\t\t\t\t\t\t<div class=\"elementor-element elementor-element-6d1de21 elementor-widget elementor-widget-heading\" data-id=\"6d1de21\" data-element_type=\"widget\" data-e-type=\"widget\" data-widget_type=\"heading.default\">\n\t\t\t\t<div class=\"elementor-widget-container\">\n\t\t\t\t\t<h1 class=\"elementor-heading-title elementor-size-default\">\u00bfEst\u00e1 exento del IVA?<\/h1>\t\t\t\t<\/div>\n\t\t\t\t<\/div>\n\t\t\t\t\t<\/div>\n\t\t<\/div>\n\t\t\t\t\t<\/div>\n\t\t<\/section>\n\t\t\t\t<section class=\"elementor-section elementor-top-section elementor-element elementor-element-53d77dd elementor-section-boxed elementor-section-height-default elementor-section-height-default\" data-id=\"53d77dd\" data-element_type=\"section\" data-e-type=\"section\">\n\t\t\t\t\t\t<div class=\"elementor-container elementor-column-gap-default\">\n\t\t\t\t\t<div class=\"elementor-column elementor-col-100 elementor-top-column elementor-element elementor-element-a7609f3\" data-id=\"a7609f3\" data-element_type=\"column\" data-e-type=\"column\">\n\t\t\t<div class=\"elementor-widget-wrap elementor-element-populated\">\n\t\t\t\t\t\t<div class=\"elementor-element elementor-element-a0798b1 elementor-widget elementor-widget-text-editor\" data-id=\"a0798b1\" data-element_type=\"widget\" data-e-type=\"widget\" data-widget_type=\"text-editor.default\">\n\t\t\t\t<div class=\"elementor-widget-container\">\n\t\t\t\t\t\t\t\t\t<p><strong>YOURmeds Switch puede acogerse a la desgravaci\u00f3n del IVA.<\/strong><\/p><p>El Switch s\u00f3lo est\u00e1 disponible a tipo cero de IVA cuando lo compra directamente un particular para su \"uso dom\u00e9stico o personal\". Para que podamos cumplir \"sus y nuestras\" obligaciones con Aduanas e Impuestos Especiales, y con el fin de evitar el pago del IVA en ciertos art\u00edculos, se le pedir\u00e1 que simplemente marque la casilla de declaraci\u00f3n en el formulario antes de la salida que confirma que usted es elegible para recibir bienes que est\u00e1n a tipo cero.<\/p>\t\t\t\t\t\t\t\t<\/div>\n\t\t\t\t<\/div>\n\t\t\t\t\t<\/div>\n\t\t<\/div>\n\t\t\t\t\t<\/div>\n\t\t<\/section>\n\t\t\t\t<section class=\"elementor-section elementor-top-section elementor-element elementor-element-1134d70 elementor-section-boxed elementor-section-height-default elementor-section-height-default\" data-id=\"1134d70\" data-element_type=\"section\" data-e-type=\"section\">\n\t\t\t\t\t\t<div class=\"elementor-container elementor-column-gap-default\">\n\t\t\t\t\t<div class=\"elementor-column elementor-col-100 elementor-top-column elementor-element elementor-element-23580d4\" data-id=\"23580d4\" data-element_type=\"column\" data-e-type=\"column\">\n\t\t\t<div class=\"elementor-widget-wrap elementor-element-populated\">\n\t\t\t\t\t\t<div class=\"elementor-element elementor-element-82a3fdf elementor-widget elementor-widget-heading\" data-id=\"82a3fdf\" data-element_type=\"widget\" data-e-type=\"widget\" data-widget_type=\"heading.default\">\n\t\t\t\t<div class=\"elementor-widget-container\">\n\t\t\t\t\t<h2 class=\"elementor-heading-title elementor-size-default\">\u00bfQui\u00e9n puede optar?<\/h2>\t\t\t\t<\/div>\n\t\t\t\t<\/div>\n\t\t\t\t\t<\/div>\n\t\t<\/div>\n\t\t\t\t\t<\/div>\n\t\t<\/section>\n\t\t\t\t<section class=\"elementor-section elementor-top-section elementor-element elementor-element-1c22422 elementor-section-boxed elementor-section-height-default elementor-section-height-default\" data-id=\"1c22422\" data-element_type=\"section\" data-e-type=\"section\">\n\t\t\t\t\t\t<div class=\"elementor-container elementor-column-gap-default\">\n\t\t\t\t\t<div class=\"elementor-column elementor-col-100 elementor-top-column elementor-element elementor-element-7b3ccbc\" data-id=\"7b3ccbc\" data-element_type=\"column\" data-e-type=\"column\">\n\t\t\t<div class=\"elementor-widget-wrap elementor-element-populated\">\n\t\t\t\t\t\t<div class=\"elementor-element elementor-element-3d67938 elementor-widget elementor-widget-text-editor\" data-id=\"3d67938\" data-element_type=\"widget\" data-e-type=\"widget\" data-widget_type=\"text-editor.default\">\n\t\t\t\t<div class=\"elementor-widget-container\">\n\t\t\t\t\t\t\t\t\t<p>El tipo cero de los bienes y servicios para un enfermo cr\u00f3nico o una persona discapacitada depende en parte de la situaci\u00f3n del beneficiario.<\/p><p>\u00bfQu\u00e9 significa \"enfermo cr\u00f3nico o discapacitado\"?<\/p><p>Una persona es un enfermo cr\u00f3nico o discapacitado si tiene una:<\/p><ul><li>discapacidad f\u00edsica o mental que tenga un efecto adverso sustancial y a largo plazo en su capacidad para llevar a cabo las actividades cotidianas<\/li><li>una afecci\u00f3n que la profesi\u00f3n m\u00e9dica trata como una enfermedad cr\u00f3nica, como la diabetes, el Parkinson, la demencia o una enfermedad cr\u00f3nica que requiere un r\u00e9gimen de medicaci\u00f3n complicado.<\/li><\/ul><p>No incluye a las personas mayores que no est\u00e9n discapacitadas o enfermas cr\u00f3nicas ni a las personas que s\u00f3lo est\u00e9n temporalmente discapacitadas o incapacitadas, por ejemplo con un miembro roto.<\/p><p>Si un progenitor, c\u00f3nyuge o tutor act\u00faa en nombre de una persona \"enferma cr\u00f3nica o discapacitada\", su suministro se considera efectuado a esa persona \"enferma cr\u00f3nica o discapacitada\".<\/p><p>Usted\u00a0<strong><u>no<\/u>\u00a0tienen que estar registrados discapacitados<\/strong>\u00a0para solicitar la desgravaci\u00f3n del IVA, pero la naturaleza de su enfermedad o incapacidad debe especificarse en su declaraci\u00f3n.<\/p><p><strong>Las personas mayores fr\u00e1giles que, por lo dem\u00e1s, pueden valerse por s\u00ed mismas o las personas que s\u00f3lo est\u00e1n temporalmente discapacitadas o incapacitadas, como las que tienen un miembro roto, no tienen derecho a la desgravaci\u00f3n del IVA.<\/strong><\/p><p>Si tiene dudas, llame a su oficina local de aduanas o al Servicio Nacional de Asesoramiento en el 0845 302 02 03.<\/p>\t\t\t\t\t\t\t\t<\/div>\n\t\t\t\t<\/div>\n\t\t\t\t\t<\/div>\n\t\t<\/div>\n\t\t\t\t\t<\/div>\n\t\t<\/section>\n\t\t\t\t<section class=\"elementor-section elementor-top-section elementor-element elementor-element-5364300 elementor-section-boxed elementor-section-height-default elementor-section-height-default\" data-id=\"5364300\" data-element_type=\"section\" data-e-type=\"section\">\n\t\t\t\t\t\t<div class=\"elementor-container elementor-column-gap-default\">\n\t\t\t\t\t<div class=\"elementor-column elementor-col-100 elementor-top-column elementor-element elementor-element-96bff8f\" data-id=\"96bff8f\" data-element_type=\"column\" data-e-type=\"column\">\n\t\t\t<div class=\"elementor-widget-wrap elementor-element-populated\">\n\t\t\t\t\t\t<div class=\"elementor-element elementor-element-c6daeb5 elementor-widget elementor-widget-heading\" data-id=\"c6daeb5\" data-element_type=\"widget\" data-e-type=\"widget\" data-widget_type=\"heading.default\">\n\t\t\t\t<div class=\"elementor-widget-container\">\n\t\t\t\t\t<h2 class=\"elementor-heading-title elementor-size-default\">\u00bfC\u00f3mo reclamo?<\/h2>\t\t\t\t<\/div>\n\t\t\t\t<\/div>\n\t\t\t\t\t<\/div>\n\t\t<\/div>\n\t\t\t\t\t<\/div>\n\t\t<\/section>\n\t\t\t\t<section class=\"elementor-section elementor-top-section elementor-element elementor-element-27abd3e elementor-section-boxed elementor-section-height-default elementor-section-height-default\" data-id=\"27abd3e\" data-element_type=\"section\" data-e-type=\"section\">\n\t\t\t\t\t\t<div class=\"elementor-container elementor-column-gap-default\">\n\t\t\t\t\t<div class=\"elementor-column elementor-col-100 elementor-top-column elementor-element elementor-element-0bf725d\" data-id=\"0bf725d\" data-element_type=\"column\" data-e-type=\"column\">\n\t\t\t<div class=\"elementor-widget-wrap elementor-element-populated\">\n\t\t\t\t\t\t<div class=\"elementor-element elementor-element-4acd7f2 elementor-widget elementor-widget-text-editor\" data-id=\"4acd7f2\" data-element_type=\"widget\" data-e-type=\"widget\" data-widget_type=\"text-editor.default\">\n\t\t\t\t<div class=\"elementor-widget-container\">\n\t\t\t\t\t\t\t\t\t<p>Para solicitar la desgravaci\u00f3n del IVA, haga lo siguiente:<\/p><ol><li>Pasar por caja a trav\u00e9s de la oferta exenta de IVA del <a href=\"http:\/\/yourmeds.net\/es\/buynow\/\">www.yourmeds.net\/buynow<\/a>\u00a0p\u00e1gina.<\/li><li>Este es el precio sin IVA.<\/li><li>Rellene el formulario antes de la compra, marcando la casilla de declaraci\u00f3n de exenci\u00f3n del IVA.<\/li><\/ol><p>Estamos obligados a conservar una copia de su declaraci\u00f3n, que podr\u00e1 ser transmitida a HM Customs &amp; Excise como prueba de su derecho a la desgravaci\u00f3n. Si tiene alguna duda sobre si puede acogerse a la desgravaci\u00f3n del IVA,\u00a0<a href=\"https:\/\/yourmeds.net\/es\/contacte-con-nosotros\/\">pulse aqu\u00ed<\/a> aqu\u00ed para enviarnos un correo electr\u00f3nico o ll\u00e1menos al +44 2392 470001<\/p><p>Tambi\u00e9n puede buscar m\u00e1s informaci\u00f3n en el sitio web \"direct.gov.uk\u00a0<a href=\"https:\/\/www.gov.uk\/financial-help-disabled\/vat-relief\">Reducci\u00f3n del IVA en productos y servicios para discapacitados<\/a>\u00a0que proporciona m\u00e1s informaci\u00f3n.<\/p><p>Si desea realizar su pedido por tel\u00e9fono y tiene intenci\u00f3n de solicitar la desgravaci\u00f3n del IVA, s\u00f3lo podremos enviarlo una vez hayamos recibido una declaraci\u00f3n firmada.<\/p><p>Tramitaremos su pedido al precio del producto que figura en su pedido menos el elemento de IVA.<\/p>\t\t\t\t\t\t\t\t<\/div>\n\t\t\t\t<\/div>\n\t\t\t\t\t<\/div>\n\t\t<\/div>\n\t\t\t\t\t<\/div>\n\t\t<\/section>\n\t\t\t\t<section class=\"elementor-section elementor-top-section elementor-element elementor-element-dc2eef1 elementor-section-boxed elementor-section-height-default elementor-section-height-default\" data-id=\"dc2eef1\" data-element_type=\"section\" data-e-type=\"section\">\n\t\t\t\t\t\t<div class=\"elementor-container elementor-column-gap-default\">\n\t\t\t\t\t<div class=\"elementor-column elementor-col-100 elementor-top-column elementor-element elementor-element-d4dd428\" data-id=\"d4dd428\" data-element_type=\"column\" data-e-type=\"column\">\n\t\t\t<div class=\"elementor-widget-wrap elementor-element-populated\">\n\t\t\t\t\t\t<div class=\"elementor-element elementor-element-3ff5aca elementor-widget elementor-widget-heading\" data-id=\"3ff5aca\" data-element_type=\"widget\" data-e-type=\"widget\" data-widget_type=\"heading.default\">\n\t\t\t\t<div class=\"elementor-widget-container\">\n\t\t\t\t\t<h2 class=\"elementor-heading-title elementor-size-default\">Informaci\u00f3n importante<\/h2>\t\t\t\t<\/div>\n\t\t\t\t<\/div>\n\t\t\t\t\t<\/div>\n\t\t<\/div>\n\t\t\t\t\t<\/div>\n\t\t<\/section>\n\t\t\t\t<section class=\"elementor-section elementor-top-section elementor-element elementor-element-e6f1882 elementor-section-boxed elementor-section-height-default elementor-section-height-default\" data-id=\"e6f1882\" data-element_type=\"section\" data-e-type=\"section\">\n\t\t\t\t\t\t<div class=\"elementor-container elementor-column-gap-default\">\n\t\t\t\t\t<div class=\"elementor-column elementor-col-100 elementor-top-column elementor-element elementor-element-e537007\" data-id=\"e537007\" data-element_type=\"column\" data-e-type=\"column\">\n\t\t\t<div class=\"elementor-widget-wrap elementor-element-populated\">\n\t\t\t\t\t\t<div class=\"elementor-element elementor-element-0d25fed elementor-widget elementor-widget-text-editor\" data-id=\"0d25fed\" data-element_type=\"widget\" data-e-type=\"widget\" data-widget_type=\"text-editor.default\">\n\t\t\t\t<div class=\"elementor-widget-container\">\n\t\t\t\t\t\t\t\t\t<ul><li>Los bienes solicitados deben ser exclusivamente para uso personal o dom\u00e9stico.<\/li><li>Conservamos el formulario cumplimentado para presentarlo a la oficina del IVA. No se utilizar\u00e1 para ning\u00fan otro fin.<\/li><\/ul>\t\t\t\t\t\t\t\t<\/div>\n\t\t\t\t<\/div>\n\t\t\t\t\t<\/div>\n\t\t<\/div>\n\t\t\t\t\t<\/div>\n\t\t<\/section>\n\t\t\t\t<\/div>","protected":false},"excerpt":{"rendered":"<p>Are you VAT exempt? YOURmeds Switch is eligible for VAT relief. The Switch is only available at zero-rate VAT when [&hellip;]<\/p>\n","protected":false},"author":40,"featured_media":0,"parent":0,"menu_order":0,"comment_status":"closed","ping_status":"closed","template":"","meta":{"content-type":"","site-sidebar-layout":"no-sidebar","site-content-layout":"page-builder","ast-site-content-layout":"default","site-content-style":"default","site-sidebar-style":"default","ast-global-header-display":"","ast-banner-title-visibility":"","ast-main-header-display":"","ast-hfb-above-header-display":"","ast-hfb-below-header-display":"","ast-hfb-mobile-header-display":"","site-post-title":"disabled","ast-breadcrumbs-content":"","ast-featured-img":"disabled","footer-sml-layout":"","ast-disable-related-posts":"","theme-transparent-header-meta":"default","adv-header-id-meta":"","stick-header-meta":"default","header-above-stick-meta":"","header-main-stick-meta":"","header-below-stick-meta":"","astra-migrate-meta-layouts":"default","ast-page-background-enabled":"default","ast-page-background-meta":{"desktop":{"background-color":"","background-image":"","background-repeat":"repeat","background-position":"center center","background-size":"auto","background-attachment":"scroll","background-type":"","background-media":"","overlay-type":"","overlay-color":"","overlay-opacity":"","overlay-gradient":""},"tablet":{"background-color":"","background-image":"","background-repeat":"repeat","background-position":"center center","background-size":"auto","background-attachment":"scroll","background-type":"","background-media":"","overlay-type":"","overlay-color":"","overlay-opacity":"","overlay-gradient":""},"mobile":{"background-color":"","background-image":"","background-repeat":"repeat","background-position":"center center","background-size":"auto","background-attachment":"scroll","background-type":"","background-media":"","overlay-type":"","overlay-color":"","overlay-opacity":"","overlay-gradient":""}},"ast-content-background-meta":{"desktop":{"background-color":"var(--ast-global-color-5)","background-image":"","background-repeat":"repeat","background-position":"center center","background-size":"auto","background-attachment":"scroll","background-type":"","background-media":"","overlay-type":"","overlay-color":"","overlay-opacity":"","overlay-gradient":""},"tablet":{"background-color":"var(--ast-global-color-5)","background-image":"","background-repeat":"repeat","background-position":"center center","background-size":"auto","background-attachment":"scroll","background-type":"","background-media":"","overlay-type":"","overlay-color":"","overlay-opacity":"","overlay-gradient":""},"mobile":{"background-color":"var(--ast-global-color-5)","background-image":"","background-repeat":"repeat","background-position":"center center","background-size":"auto","background-attachment":"scroll","background-type":"","background-media":"","overlay-type":"","overlay-color":"","overlay-opacity":"","overlay-gradient":""}},"two_page_speed":[],"footnotes":""},"class_list":["post-4714","page","type-page","status-publish","hentry"],"_links":{"self":[{"href":"https:\/\/yourmeds.net\/es\/wp-json\/wp\/v2\/pages\/4714","targetHints":{"allow":["GET"]}}],"collection":[{"href":"https:\/\/yourmeds.net\/es\/wp-json\/wp\/v2\/pages"}],"about":[{"href":"https:\/\/yourmeds.net\/es\/wp-json\/wp\/v2\/types\/page"}],"author":[{"embeddable":true,"href":"https:\/\/yourmeds.net\/es\/wp-json\/wp\/v2\/users\/40"}],"replies":[{"embeddable":true,"href":"https:\/\/yourmeds.net\/es\/wp-json\/wp\/v2\/comments?post=4714"}],"version-history":[{"count":14,"href":"https:\/\/yourmeds.net\/es\/wp-json\/wp\/v2\/pages\/4714\/revisions"}],"predecessor-version":[{"id":4865,"href":"https:\/\/yourmeds.net\/es\/wp-json\/wp\/v2\/pages\/4714\/revisions\/4865"}],"wp:attachment":[{"href":"https:\/\/yourmeds.net\/es\/wp-json\/wp\/v2\/media?parent=4714"}],"curies":[{"name":"wp","href":"https:\/\/api.w.org\/{rel}","templated":true}]}}